{"id":1113,"date":"2021-10-26T14:18:46","date_gmt":"2021-10-26T14:18:46","guid":{"rendered":"https:\/\/dev.infinitipropertykosovo.com\/?page_id=1113"},"modified":"2021-11-23T06:00:42","modified_gmt":"2021-11-23T06:00:42","slug":"guide-to-selling-property-in-kosovo","status":"publish","type":"page","link":"https:\/\/infinitipropertykosovo.com\/sq\/guide-to-selling-property-in-kosovo\/","title":{"rendered":"Udh\u00ebzues p\u00ebr shitjen e pron\u00ebs n\u00eb Kosov\u00eb"},"content":{"rendered":"<p>[vc_section el_class=&#8221;inner-pages-banner&#8221; css=&#8221;.vc_custom_1635233834780{margin-right: 0px !important;margin-left: 0px !important;padding-right: 0px !important;padding-left: 0px !important;background-image: url(https:\/\/infinitipropertykosovo.com\/wp-content\/uploads\/2021\/10\/homepage-banner-scaled.jpg?id=1055) !important;}&#8221;][vc_row el_class=&#8221;container&#8221;][vc_column][vc_custom_heading source=&#8221;post_title&#8221; font_container=&#8221;tag:h2|text_align:center|color:%23ffffff&#8221; use_theme_fonts=&#8221;yes&#8221;][\/vc_column][\/vc_row][\/vc_section][vc_section el_class=&#8221;section-padding&#8221; css=&#8221;.vc_custom_1635236038704{margin-right: 0px !important;margin-left: 0px !important;padding-right: 0px !important;padding-left: 0px !important;}&#8221;][vc_row el_class=&#8221;container&#8221;][vc_column css=&#8221;.vc_custom_1637647236632{padding-right: 0px !important;padding-left: 0px !important;}&#8221;][vc_column_text css=&#8221;.vc_custom_1635236070678{margin-bottom: 0px !important;}&#8221;]Lorem ipsum dolor sit amet, consectetur adipiscing elit, sed do eiusmod tempor incididunt ut labore et dolore magna aliqua. Ut enim ad minim veniam, quis nostrud exercitation ullamco laboris nisi ut aliquip ex ea commodo consequat. Duis aute irure dolor in reprehenderit in voluptate velit esse cillum dolore eu fugiat nulla pariatur. Excepteur sint occaecat cupidatat non proident, sunt in culpa qui officia deserunt mollit anim id est laborum.<\/p>\n<p>Lorem ipsum dolor sit amet, consectetur adipiscing elit, sed do eiusmod tempor incididunt ut labore et dolore magna aliqua. Ut enim ad minim veniam, quis nostrud exercitation ullamco laboris nisi ut aliquip ex ea commodo consequat. Duis aute irure dolor in reprehenderit in voluptate velit esse cillum dolore eu fugiat nulla pariatur. Excepteur sint occaecat cupidatat non proident, sunt in culpa qui officia deserunt mollit anim id est laborum.<\/p>\n<p>Lorem ipsum dolor sit amet, consectetur adipiscing elit, sed do eiusmod tempor incididunt ut labore et dolore magna aliqua. Ut enim ad minim veniam, quis nostrud exercitation ullamco laboris nisi ut aliquip ex ea commodo consequat. Duis aute irure dolor in reprehenderit in voluptate velit esse cillum dolore eu fugiat nulla pariatur. Excepteur sint occaecat cupidatat non proident, sunt in culpa qui officia deserunt mollit anim id est laborum.[\/vc_column_text][\/vc_column][\/vc_row][\/vc_section]<\/p>\n","protected":false},"excerpt":{"rendered":"<p>[vc_section el_class=&#8221;inner-pages-banner&#8221; css=&#8221;.vc_custom_1635233834780{margin-right: 0px !important;margin-left: 0px !important;padding-right: 0px !important;padding-left: 0px !important;background-image: url(https:\/\/infinitipropertykosovo.com\/wp-content\/uploads\/2021\/10\/homepage-banner-scaled.jpg?id=1055) !important;}&#8221;][vc_row el_class=&#8221;container&#8221;][vc_column][vc_custom_heading source=&#8221;post_title&#8221; font_container=&#8221;tag:h2|text_align:center|color:%23ffffff&#8221; use_theme_fonts=&#8221;yes&#8221;][\/vc_column][\/vc_row][\/vc_section][vc_section el_class=&#8221;section-padding&#8221; css=&#8221;.vc_custom_1635236038704{margin-right: 0px !important;margin-left: 0px !important;padding-right: 0px !important;padding-left: 0px !important;}&#8221;][vc_row el_class=&#8221;container&#8221;][vc_column css=&#8221;.vc_custom_1637647236632{padding-right: 0px !important;padding-left: 0px !important;}&#8221;][vc_column_text css=&#8221;.vc_custom_1635236070678{margin-bottom: 0px !important;}&#8221;]Lorem ipsum dolor sit amet, consectetur adipiscing elit, sed do eiusmod tempor incididunt ut labore et dolore magna aliqua. Ut [&hellip;]<\/p>\n","protected":false},"author":1,"featured_media":0,"parent":0,"menu_order":0,"comment_status":"closed","ping_status":"closed","template":"","meta":{"_acf_changed":false,"_seopress_robots_primary_cat":"","_seopress_titles_title":"","_seopress_titles_desc":"","_seopress_robots_index":"","footnotes":""},"class_list":["post-1113","page","type-page","status-publish","hentry"],"acf":[],"_links":{"self":[{"href":"https:\/\/infinitipropertykosovo.com\/sq\/wp-json\/wp\/v2\/pages\/1113","targetHints":{"allow":["GET"]}}],"collection":[{"href":"https:\/\/infinitipropertykosovo.com\/sq\/wp-json\/wp\/v2\/pages"}],"about":[{"href":"https:\/\/infinitipropertykosovo.com\/sq\/wp-json\/wp\/v2\/types\/page"}],"author":[{"embeddable":true,"href":"https:\/\/infinitipropertykosovo.com\/sq\/wp-json\/wp\/v2\/users\/1"}],"replies":[{"embeddable":true,"href":"https:\/\/infinitipropertykosovo.com\/sq\/wp-json\/wp\/v2\/comments?post=1113"}],"version-history":[{"count":3,"href":"https:\/\/infinitipropertykosovo.com\/sq\/wp-json\/wp\/v2\/pages\/1113\/revisions"}],"predecessor-version":[{"id":1303,"href":"https:\/\/infinitipropertykosovo.com\/sq\/wp-json\/wp\/v2\/pages\/1113\/revisions\/1303"}],"wp:attachment":[{"href":"https:\/\/infinitipropertykosovo.com\/sq\/wp-json\/wp\/v2\/media?parent=1113"}],"curies":[{"name":"wp","href":"https:\/\/api.w.org\/{rel}","templated":true}]}}